{"id":12,"date":"2023-03-03T18:57:31","date_gmt":"2023-03-03T18:57:31","guid":{"rendered":"https:\/\/mojebannery.pl\/?page_id=12"},"modified":"2026-03-13T13:37:11","modified_gmt":"2026-03-13T12:37:11","slug":"home","status":"publish","type":"page","link":"https:\/\/mojebannery.pl\/","title":{"rendered":"Podstawowe informacje, kt\u00f3re s\u0105 fundamentem dalszej nauki"},"content":{"rendered":"\n<p>1<a href=\"https:\/\/mojebannery.pl\/?p=42\"><time datetime=\"2023-03-12T17:48:02+01:00\">2 MARCA, 2023<\/time><\/a>&nbsp;BY&nbsp;<a href=\"https:\/\/mojebannery.pl\/index.php\/author\/andrzej512\/\">ANDRZEJ512<\/a><\/p>\n\n\n\n<h1 class=\"wp-block-heading\">Kiedy jeste\u015b nowy w \u015bwiecie kryptowalut, b\u0119dziesz zdezorientowany ze wszystkimi r\u00f3\u017cnymi terminami u\u017cywanymi w \u017cargonie, kt\u00f3ry jest unikalny dla bran\u017cy. Zrelaksuj si\u0119!!! Artyku\u0142 zawiera kilka definicji dotycz\u0105cych handlu kryptowalutami!<\/h1>\n\n\n\n<div class=\"wp-block-buttons is-layout-flex wp-block-buttons-is-layout-flex\">\n<div class=\"wp-block-button\"><a class=\"wp-block-button__link wp-element-button\" href=\"https:\/\/mojebannery.pl\/index.php\/2023\/03\/12\/technologia-blockchain\/\">DALEJ. CZYTAJ LUB S\u0141UCHAJ<\/a><\/div>\n<\/div>\n\n\n\n<div class=\"wp-block-media-text is-stacked-on-mobile\"><figure class=\"wp-block-media-text__media\"><img loading=\"lazy\" decoding=\"async\" width=\"1024\" height=\"768\" src=\"https:\/\/mojebannery.pl\/wp-content\/uploads\/2026\/03\/DSC00030-1024x768.jpg\" alt=\"Zrelakuj si\u0119\" class=\"wp-image-223 size-full\" srcset=\"https:\/\/mojebannery.pl\/wp-content\/uploads\/2026\/03\/DSC00030-1024x768.jpg 1024w, https:\/\/mojebannery.pl\/wp-content\/uploads\/2026\/03\/DSC00030-300x225.jpg 300w, https:\/\/mojebannery.pl\/wp-content\/uploads\/2026\/03\/DSC00030-768x576.jpg 768w, https:\/\/mojebannery.pl\/wp-content\/uploads\/2026\/03\/DSC00030-1536x1152.jpg 1536w, https:\/\/mojebannery.pl\/wp-content\/uploads\/2026\/03\/DSC00030.jpg 2048w\" sizes=\"auto, (max-width: 767px) 89vw, (max-width: 1000px) 54vw, (max-width: 1071px) 543px, 580px\" \/><\/figure><div class=\"wp-block-media-text__content\">\n<p>Artyku\u0142y na stronach to informacje dla pocz\u0105tkuj\u0105cych dotycz\u0105ce podstawowych termin\u00f3w zwi\u0105zanych z handlem kryptowalutami. Jego celem jest wprowadzenie czytelnika w \u015bwiat kryptowalut i u\u0142atwienie zrozumienia najwa\u017cniejszych poj\u0119\u0107, kt\u00f3re pojawiaj\u0105 si\u0119 podczas inwestowania i handlu tymi cyfrowymi aktywami.<br>W skr\u00f3cie, artyku\u0142:<br><br>Wyja\u015bnia kluczowe definicje i terminy u\u017cywane w kontek\u015bcie kryptowalut, takie jak np. blockchain, portfel kryptowalutowy, tokeny, gie\u0142dy kryptowalutowe.<br>Podkre\u015bla znaczenie zrozumienia tych termin\u00f3w, aby unikn\u0105\u0107 b\u0142\u0119d\u00f3w i lepiej porusza\u0107 si\u0119 na rynku kryptowalut.<br>Ma charakter edukacyjny i jest skierowany do os\u00f3b, kt\u00f3re dopiero zaczynaj\u0105 swoj\u0105 przygod\u0119 z kryptowalutami.<br>Zach\u0119ca do spokojnego i \u015bwiadomego podej\u015bcia do inwestowania, podkre\u015blaj\u0105c, \u017ce artyku\u0142 zawiera podstawowe informacje, kt\u00f3re s\u0105 fundamentem dalszej nauki.<br><br>Artyku\u0142y s\u0105 o tematyce finansowej i zarabianiu przez internet.  Staram si\u0119 przekaza\u0107 wiedz\u0119 w przyst\u0119pny spos\u00f3b, aby czytelnicy mogli bezpieczniej i efektywniej korzysta\u0107 z mo\u017cliwo\u015bci, jakie daje rynek kryptowalut.<\/p>\n\n\n\n<div class=\"wp-block-buttons is-layout-flex wp-block-buttons-is-layout-flex\">\n<div class=\"wp-block-button\"><a class=\"wp-block-button__link wp-element-button\" href=\"https:\/\/mojebannery.pl\/index.php\/faq\/\">Zobacz FAQ <\/a><\/div>\n<\/div>\n<\/div><\/div>\n\n\n\n<p><\/p>\n<div class=\"gsp_post_data\" \r\n\t            data-post_type=\"page\" \r\n\t            data-cat=\"\" \r\n\t            data-modified=\"120\"\r\n\t            data-created=\"1677869851\"\r\n\t            data-title=\"Podstawowe informacje, kt\u00f3re s\u0105 fundamentem dalszej nauki\" \r\n\t            data-home=\"https:\/\/mojebannery.pl\"><\/div>","protected":false},"excerpt":{"rendered":"<p>12 MARCA, 2023&nbsp;BY&nbsp;ANDRZEJ512 Kiedy jeste\u015b nowy w \u015bwiecie kryptowalut, b\u0119dziesz zdezorientowany ze wszystkimi r\u00f3\u017cnymi terminami u\u017cywanymi w \u017cargonie, kt\u00f3ry jest unikalny dla bran\u017cy. Zrelaksuj si\u0119!!! Artyku\u0142 zawiera kilka definicji dotycz\u0105cych handlu kryptowalutami!<\/p>\n","protected":false},"author":1,"featured_media":0,"parent":0,"menu_order":0,"comment_status":"closed","ping_status":"closed","template":"","meta":{"footnotes":""},"class_list":["post-12","page","type-page","status-publish","hentry"],"aioseo_notices":[],"_links":{"self":[{"href":"https:\/\/mojebannery.pl\/index.php\/wp-json\/wp\/v2\/pages\/12","targetHints":{"allow":["GET"]}}],"collection":[{"href":"https:\/\/mojebannery.pl\/index.php\/wp-json\/wp\/v2\/pages"}],"about":[{"href":"https:\/\/mojebannery.pl\/index.php\/wp-json\/wp\/v2\/types\/page"}],"author":[{"embeddable":true,"href":"https:\/\/mojebannery.pl\/index.php\/wp-json\/wp\/v2\/users\/1"}],"replies":[{"embeddable":true,"href":"https:\/\/mojebannery.pl\/index.php\/wp-json\/wp\/v2\/comments?post=12"}],"version-history":[{"count":14,"href":"https:\/\/mojebannery.pl\/index.php\/wp-json\/wp\/v2\/pages\/12\/revisions"}],"predecessor-version":[{"id":249,"href":"https:\/\/mojebannery.pl\/index.php\/wp-json\/wp\/v2\/pages\/12\/revisions\/249"}],"wp:attachment":[{"href":"https:\/\/mojebannery.pl\/index.php\/wp-json\/wp\/v2\/media?parent=12"}],"curies":[{"name":"wp","href":"https:\/\/api.w.org\/{rel}","templated":true}]}}