{"id":60,"date":"2023-03-12T20:31:48","date_gmt":"2023-03-12T19:31:48","guid":{"rendered":"https:\/\/mojebannery.pl\/?page_id=60"},"modified":"2026-03-07T16:47:13","modified_gmt":"2026-03-07T15:47:13","slug":"regulamin","status":"publish","type":"page","link":"https:\/\/mojebannery.pl\/index.php\/regulamin\/","title":{"rendered":"Regulamin"},"content":{"rendered":"\n<p>REGULAMIN<br>Pami\u0119taj, \u017ce ka\u017cdy rodzaj inwestycji, wi\u0105\u017ce si\u0119 z ryzykiem utraty zainwestowanych pieni\u0119dzy.<\/p>\n\n\n\n<p>Prosz\u0119 zapoznawa\u0107 si\u0119 z regulaminami i szukaniem informacji w sieci o sposobie dzia\u0142ania firmy ich w\u0142a\u015bcicielach, miejscach rejestracji czy sposobie kontaktu. U\u017cywasz program\u00f3w z pe\u0142n\u0105 \u015bwiadomo\u015bci\u0105, \u017ce zarabianie w internecie na tego typu programach nie gwarantuje osi\u0105gni\u0119cia korzysci finansowych.<\/p>\n\n\n\n<p>W\u0142a\u015bciciel bloga o\u015bwiadcza, \u017ce nie ponosi odpowiedzialno\u015bci za jakiekolwiek szkody spowodowane po\u015brednio lub bezpo\u015brednio dzia\u0142aniem link\u00f3w kt\u00f3re Kieruj\u0105 do stron zewn\u0119trznych, kt\u00f3re nie s\u0105 zwi\u0105zane z stron\u0105 mojebannery.pl \u2013 strona nie odpowiada za tre\u015bci tych stron.<br>Odpowiedzialno\u015b\u0107 zapoznania si\u0119 z regulaminami tych stron spoczywa na u\u017cytkowniku.<\/p>\n\n\n\n<p>Tre\u015bci post\u00f3w, prezentacji, komentarzy i wszelkich nagra\u0144 zamieszczonych na stronach bloga maj\u0105 charakter wy\u0142\u0105cznie informacyjny i edukacyjny. Nie stanowi\u0105 one \u201erekomendacji\u201d w rozumieniu przepis\u00f3w Rozporz\u0105dzenia Ministra Finans\u00f3w z dnia 19 pa\u017adziernika 2005 r. w sprawie informacji stanowi\u0105cych rekomendacje dotycz\u0105ce instrument\u00f3w finansowych, lub ich emitent\u00f3w (Dz.U. z 2005 r. Nr 206, poz. 1715).<\/p>\n<div class=\"gsp_post_data\" \r\n\t            data-post_type=\"page\" \r\n\t            data-cat=\"\" \r\n\t            data-modified=\"120\"\r\n\t            data-created=\"1678653108\"\r\n\t            data-title=\"Regulamin\" \r\n\t            data-home=\"https:\/\/mojebannery.pl\"><\/div>","protected":false},"excerpt":{"rendered":"<p>REGULAMINPami\u0119taj, \u017ce ka\u017cdy rodzaj inwestycji, wi\u0105\u017ce si\u0119 z ryzykiem utraty zainwestowanych pieni\u0119dzy. Prosz\u0119 zapoznawa\u0107 si\u0119 z regulaminami i szukaniem informacji w sieci o sposobie dzia\u0142ania firmy ich w\u0142a\u015bcicielach, miejscach rejestracji czy sposobie kontaktu. U\u017cywasz program\u00f3w z pe\u0142n\u0105 \u015bwiadomo\u015bci\u0105, \u017ce zarabianie w internecie na tego typu programach nie gwarantuje osi\u0105gni\u0119cia korzysci finansowych. W\u0142a\u015bciciel bloga o\u015bwiadcza, \u017ce &hellip; <\/p>\n<p class=\"link-more\"><a href=\"https:\/\/mojebannery.pl\/index.php\/regulamin\/\" class=\"more-link\">Czytaj dalej<span class=\"screen-reader-text\"> \u201eRegulamin\u201d<\/span><\/a><\/p>\n","protected":false},"author":1,"featured_media":0,"parent":0,"menu_order":0,"comment_status":"closed","ping_status":"closed","template":"","meta":{"footnotes":""},"class_list":["post-60","page","type-page","status-publish","hentry"],"aioseo_notices":[],"_links":{"self":[{"href":"https:\/\/mojebannery.pl\/index.php\/wp-json\/wp\/v2\/pages\/60","targetHints":{"allow":["GET"]}}],"collection":[{"href":"https:\/\/mojebannery.pl\/index.php\/wp-json\/wp\/v2\/pages"}],"about":[{"href":"https:\/\/mojebannery.pl\/index.php\/wp-json\/wp\/v2\/types\/page"}],"author":[{"embeddable":true,"href":"https:\/\/mojebannery.pl\/index.php\/wp-json\/wp\/v2\/users\/1"}],"replies":[{"embeddable":true,"href":"https:\/\/mojebannery.pl\/index.php\/wp-json\/wp\/v2\/comments?post=60"}],"version-history":[{"count":3,"href":"https:\/\/mojebannery.pl\/index.php\/wp-json\/wp\/v2\/pages\/60\/revisions"}],"predecessor-version":[{"id":207,"href":"https:\/\/mojebannery.pl\/index.php\/wp-json\/wp\/v2\/pages\/60\/revisions\/207"}],"wp:attachment":[{"href":"https:\/\/mojebannery.pl\/index.php\/wp-json\/wp\/v2\/media?parent=60"}],"curies":[{"name":"wp","href":"https:\/\/api.w.org\/{rel}","templated":true}]}}